{"id":76,"date":"2023-09-13T21:24:47","date_gmt":"2023-09-13T21:24:47","guid":{"rendered":"http:\/\/rpqnwoz.cluster028.hosting.ovh.net\/?page_id=76"},"modified":"2023-10-27T22:34:53","modified_gmt":"2023-10-27T22:34:53","slug":"o-nas","status":"publish","type":"page","link":"http:\/\/zywiec.co.uk\/pl\/pl\/o-nas\/","title":{"rendered":"O Nas"},"content":{"rendered":"","protected":false},"excerpt":{"rendered":"","protected":false},"author":1,"featured_media":0,"parent":0,"menu_order":0,"comment_status":"closed","ping_status":"closed","template":"","meta":{"footnotes":""},"class_list":["post-76","page","type-page","status-publish","hentry","entry"],"translation":{"provider":"WPGlobus","version":"2.12.2","language":"pl","enabled_languages":["en","pl"],"languages":{"en":{"title":true,"content":false,"excerpt":false},"pl":{"title":true,"content":false,"excerpt":false}}},"yoast_head":"<!-- This site is optimized with the Yoast SEO plugin v21.1 - https:\/\/yoast.com\/wordpress\/plugins\/seo\/ -->\n<title>O Nas - \u017bywiec<\/title>\n<meta name=\"robots\" content=\"index, follow, max-snippet:-1, max-image-preview:large, max-video-preview:-1\" \/>\n<link rel=\"canonical\" href=\"http:\/\/zywiec.co.uk\/pl\/pl\/o-nas\/\" \/>\n<meta property=\"og:locale\" content=\"pl_PL\" \/>\n<meta property=\"og:type\" content=\"article\" \/>\n<meta property=\"og:title\" content=\"O Nas - \u017bywiec\" \/>\n<meta property=\"og:url\" content=\"http:\/\/zywiec.co.uk\/pl\/pl\/o-nas\/\" \/>\n<meta property=\"og:site_name\" content=\"\u017bywiec\" \/>\n<meta property=\"article:publisher\" content=\"https:\/\/www.facebook.com\/ZywiecDanceGroup\" \/>\n<meta property=\"article:modified_time\" content=\"2023-10-27T22:34:53+00:00\" \/>\n<meta name=\"twitter:card\" content=\"summary_large_image\" \/>\n<script type=\"application\/ld+json\" class=\"yoast-schema-graph\">{\"@context\":\"https:\/\/schema.org\",\"@graph\":[{\"@type\":[\"WebPage\",\"AboutPage\"],\"@id\":\"http:\/\/zywiec.co.uk\/pl\/pl\/o-nas\/\",\"url\":\"http:\/\/zywiec.co.uk\/pl\/pl\/o-nas\/\",\"name\":\"O Nas - \u017bywiec\",\"isPartOf\":{\"@id\":\"http:\/\/zywiec.co.uk\/pl\/#website\"},\"datePublished\":\"2023-09-13T21:24:47+00:00\",\"dateModified\":\"2023-10-27T22:34:53+00:00\",\"breadcrumb\":{\"@id\":\"http:\/\/zywiec.co.uk\/pl\/pl\/o-nas\/#breadcrumb\"},\"inLanguage\":\"pl-PL\",\"potentialAction\":[{\"@type\":\"ReadAction\",\"target\":[\"http:\/\/zywiec.co.uk\/pl\/pl\/o-nas\/\"]}]},{\"@type\":\"BreadcrumbList\",\"@id\":\"http:\/\/zywiec.co.uk\/pl\/pl\/o-nas\/#breadcrumb\",\"itemListElement\":[{\"@type\":\"ListItem\",\"position\":1,\"name\":\"Home\",\"item\":\"http:\/\/zywiec.co.uk\/en\/\"},{\"@type\":\"ListItem\",\"position\":2,\"name\":\"O Nas\"}]},{\"@type\":\"WebSite\",\"@id\":\"http:\/\/zywiec.co.uk\/pl\/#website\",\"url\":\"http:\/\/zywiec.co.uk\/pl\/\",\"name\":\"Zywiec\",\"description\":\"Polish Folk Song and Dance Group\",\"publisher\":{\"@id\":\"http:\/\/zywiec.co.uk\/pl\/#organization\"},\"potentialAction\":[{\"@type\":\"SearchAction\",\"target\":{\"@type\":\"EntryPoint\",\"urlTemplate\":\"http:\/\/zywiec.co.uk\/pl\/?s={search_term_string}\"},\"query-input\":\"required name=search_term_string\"}],\"inLanguage\":\"pl-PL\"},{\"@type\":\"Organization\",\"@id\":\"http:\/\/zywiec.co.uk\/pl\/#organization\",\"name\":\"Zesp\u00f3\u0142 Pie\u015bni i Ta\u0144ca \u017bywiec\",\"alternateName\":\"\u017bywiec\",\"url\":\"http:\/\/zywiec.co.uk\/pl\/\",\"logo\":{\"@type\":\"ImageObject\",\"inLanguage\":\"pl-PL\",\"@id\":\"http:\/\/zywiec.co.uk\/pl\/#\/schema\/logo\/image\/\",\"url\":\"http:\/\/zywiec.co.uk\/wp-content\/uploads\/2023\/09\/logo.png\",\"contentUrl\":\"http:\/\/zywiec.co.uk\/wp-content\/uploads\/2023\/09\/logo.png\",\"width\":141,\"height\":77,\"caption\":\"Zesp\u00f3\u0142 Pie\u015bni i Ta\u0144ca \u017bywiec\"},\"image\":{\"@id\":\"http:\/\/zywiec.co.uk\/pl\/#\/schema\/logo\/image\/\"},\"sameAs\":[\"https:\/\/www.facebook.com\/ZywiecDanceGroup\"]}]}<\/script>\n<!-- \/ Yoast SEO plugin. -->","yoast_head_json":{"title":"O Nas - \u017bywiec","robots":{"index":"index","follow":"follow","max-snippet":"max-snippet:-1","max-image-preview":"max-image-preview:large","max-video-preview":"max-video-preview:-1"},"canonical":"http:\/\/zywiec.co.uk\/pl\/pl\/o-nas\/","og_locale":"pl_PL","og_type":"article","og_title":"O Nas - \u017bywiec","og_url":"http:\/\/zywiec.co.uk\/pl\/pl\/o-nas\/","og_site_name":"\u017bywiec","article_publisher":"https:\/\/www.facebook.com\/ZywiecDanceGroup","article_modified_time":"2023-10-27T22:34:53+00:00","twitter_card":"summary_large_image","schema":{"@context":"https:\/\/schema.org","@graph":[{"@type":["WebPage","AboutPage"],"@id":"http:\/\/zywiec.co.uk\/pl\/pl\/o-nas\/","url":"http:\/\/zywiec.co.uk\/pl\/pl\/o-nas\/","name":"O Nas - \u017bywiec","isPartOf":{"@id":"http:\/\/zywiec.co.uk\/pl\/#website"},"datePublished":"2023-09-13T21:24:47+00:00","dateModified":"2023-10-27T22:34:53+00:00","breadcrumb":{"@id":"http:\/\/zywiec.co.uk\/pl\/pl\/o-nas\/#breadcrumb"},"inLanguage":"pl-PL","potentialAction":[{"@type":"ReadAction","target":["http:\/\/zywiec.co.uk\/pl\/pl\/o-nas\/"]}]},{"@type":"BreadcrumbList","@id":"http:\/\/zywiec.co.uk\/pl\/pl\/o-nas\/#breadcrumb","itemListElement":[{"@type":"ListItem","position":1,"name":"Home","item":"http:\/\/zywiec.co.uk\/en\/"},{"@type":"ListItem","position":2,"name":"O Nas"}]},{"@type":"WebSite","@id":"http:\/\/zywiec.co.uk\/pl\/#website","url":"http:\/\/zywiec.co.uk\/pl\/","name":"Zywiec","description":"Polish Folk Song and Dance Group","publisher":{"@id":"http:\/\/zywiec.co.uk\/pl\/#organization"},"potentialAction":[{"@type":"SearchAction","target":{"@type":"EntryPoint","urlTemplate":"http:\/\/zywiec.co.uk\/pl\/?s={search_term_string}"},"query-input":"required name=search_term_string"}],"inLanguage":"pl-PL"},{"@type":"Organization","@id":"http:\/\/zywiec.co.uk\/pl\/#organization","name":"Zesp\u00f3\u0142 Pie\u015bni i Ta\u0144ca \u017bywiec","alternateName":"\u017bywiec","url":"http:\/\/zywiec.co.uk\/pl\/","logo":{"@type":"ImageObject","inLanguage":"pl-PL","@id":"http:\/\/zywiec.co.uk\/pl\/#\/schema\/logo\/image\/","url":"http:\/\/zywiec.co.uk\/wp-content\/uploads\/2023\/09\/logo.png","contentUrl":"http:\/\/zywiec.co.uk\/wp-content\/uploads\/2023\/09\/logo.png","width":141,"height":77,"caption":"Zesp\u00f3\u0142 Pie\u015bni i Ta\u0144ca \u017bywiec"},"image":{"@id":"http:\/\/zywiec.co.uk\/pl\/#\/schema\/logo\/image\/"},"sameAs":["https:\/\/www.facebook.com\/ZywiecDanceGroup"]}]}},"_links":{"self":[{"href":"http:\/\/zywiec.co.uk\/pl\/wp-json\/wp\/v2\/pages\/76","targetHints":{"allow":["GET"]}}],"collection":[{"href":"http:\/\/zywiec.co.uk\/pl\/wp-json\/wp\/v2\/pages"}],"about":[{"href":"http:\/\/zywiec.co.uk\/pl\/wp-json\/wp\/v2\/types\/page"}],"author":[{"embeddable":true,"href":"http:\/\/zywiec.co.uk\/pl\/wp-json\/wp\/v2\/users\/1"}],"replies":[{"embeddable":true,"href":"http:\/\/zywiec.co.uk\/pl\/wp-json\/wp\/v2\/comments?post=76"}],"version-history":[{"count":3,"href":"http:\/\/zywiec.co.uk\/pl\/wp-json\/wp\/v2\/pages\/76\/revisions"}],"predecessor-version":[{"id":87,"href":"http:\/\/zywiec.co.uk\/pl\/wp-json\/wp\/v2\/pages\/76\/revisions\/87"}],"wp:attachment":[{"href":"http:\/\/zywiec.co.uk\/pl\/wp-json\/wp\/v2\/media?parent=76"}],"curies":[{"name":"wp","href":"https:\/\/api.w.org\/{rel}","templated":true}]}}