{"id":27,"date":"2023-09-11T01:15:40","date_gmt":"2023-09-11T01:15:40","guid":{"rendered":"http:\/\/rpqnwoz.cluster028.hosting.ovh.net\/?page_id=27"},"modified":"2023-10-27T21:34:27","modified_gmt":"2023-10-27T21:34:27","slug":"join-us","status":"publish","type":"page","link":"http:\/\/zywiec.co.uk\/pl\/en\/home-en\/join-us\/","title":{"rendered":"Join Us"},"content":{"rendered":"\n<p>We always welcome new members. You\u2019ll learn traditional Polish folk dances and songs, get the opportunity to perform in shows and it\u2019s a great way of keeping fit!<\/p>\n\n\n\n<h3 class=\"wp-block-heading has-large-font-size\">When?<\/h3>\n\n\n\n<p><\/p>\n\n\n\n<h3 class=\"wp-block-heading has-large-font-size\">Where?<\/h3>\n\n\n\n<p>Windsor Hall<br>2 Windsor Road<br>Ealing<br>W5 5PD<\/p>\n\n\n\n<p>Nearest tube\/train station: Ealing Broadway<\/p>\n\n\n\n<h3 class=\"wp-block-heading has-large-font-size\">What do I need to bring?<\/h3>\n\n\n\n<p>You will need comfortable clothes (t-shirts, jogging bottoms for the boys and leggings and a skirt for the girls) and smooth soled flat shoes.<\/p>\n","protected":false},"excerpt":{"rendered":"<p>We always welcome new members. You\u2019ll learn traditional Polish folk dances and songs, get the opportunity to perform in shows and it\u2019s a great way of keeping fit! When? Where? Windsor Hall2 Windsor RoadEalingW5 5PD Nearest tube\/train station: Ealing Broadway What do I need to bring? You will need comfortable clothes (t-shirts, jogging bottoms for&hellip; <a class=\"more-link\" href=\"http:\/\/zywiec.co.uk\/pl\/en\/home-en\/join-us\/\">Czytaj dalej <span class=\"screen-reader-text\">Join Us<\/span><\/a><\/p>\n","protected":false},"author":1,"featured_media":0,"parent":12,"menu_order":0,"comment_status":"closed","ping_status":"closed","template":"","meta":{"footnotes":""},"class_list":["post-27","page","type-page","status-publish","hentry","entry"],"translation":{"provider":"WPGlobus","version":"2.12.2","language":"pl","enabled_languages":["en","pl"],"languages":{"en":{"title":true,"content":true,"excerpt":false},"pl":{"title":false,"content":false,"excerpt":false}}},"yoast_head":"<!-- This site is optimized with the Yoast SEO plugin v21.1 - https:\/\/yoast.com\/wordpress\/plugins\/seo\/ -->\n<title>Join Us - \u017bywiec<\/title>\n<meta name=\"robots\" content=\"index, follow, max-snippet:-1, max-image-preview:large, max-video-preview:-1\" \/>\n<link rel=\"canonical\" href=\"http:\/\/zywiec.co.uk\/pl\/en\/home-en\/join-us\/\" \/>\n<meta property=\"og:locale\" content=\"pl_PL\" \/>\n<meta property=\"og:type\" content=\"article\" \/>\n<meta property=\"og:title\" content=\"Join Us - \u017bywiec\" \/>\n<meta property=\"og:url\" content=\"http:\/\/zywiec.co.uk\/pl\/en\/home-en\/join-us\/\" \/>\n<meta property=\"og:site_name\" content=\"\u017bywiec\" \/>\n<meta property=\"article:publisher\" content=\"https:\/\/www.facebook.com\/ZywiecDanceGroup\" \/>\n<meta property=\"article:modified_time\" content=\"2023-10-27T21:34:27+00:00\" \/>\n<meta name=\"twitter:card\" content=\"summary_large_image\" \/>\n<meta name=\"twitter:label1\" content=\"Szacowany czas czytania\" \/>\n\t<meta name=\"twitter:data1\" content=\"1 minuta\" \/>\n<script type=\"application\/ld+json\" class=\"yoast-schema-graph\">{\"@context\":\"https:\/\/schema.org\",\"@graph\":[{\"@type\":\"WebPage\",\"@id\":\"http:\/\/zywiec.co.uk\/pl\/en\/home-en\/join-us\/\",\"url\":\"http:\/\/zywiec.co.uk\/pl\/en\/home-en\/join-us\/\",\"name\":\"Join Us - \u017bywiec\",\"isPartOf\":{\"@id\":\"http:\/\/zywiec.co.uk\/pl\/#website\"},\"datePublished\":\"2023-09-11T01:15:40+00:00\",\"dateModified\":\"2023-10-27T21:34:27+00:00\",\"breadcrumb\":{\"@id\":\"http:\/\/zywiec.co.uk\/pl\/en\/home-en\/join-us\/#breadcrumb\"},\"inLanguage\":\"pl-PL\",\"potentialAction\":[{\"@type\":\"ReadAction\",\"target\":[\"http:\/\/zywiec.co.uk\/pl\/en\/home-en\/join-us\/\"]}]},{\"@type\":\"BreadcrumbList\",\"@id\":\"http:\/\/zywiec.co.uk\/pl\/en\/home-en\/join-us\/#breadcrumb\",\"itemListElement\":[{\"@type\":\"ListItem\",\"position\":1,\"name\":\"Home\",\"item\":\"http:\/\/zywiec.co.uk\/en\/\"},{\"@type\":\"ListItem\",\"position\":2,\"name\":\"\u017bywiec Polish Folk Song and Dance Group\",\"item\":\"http:\/\/zywiec.co.uk\/en\/\"},{\"@type\":\"ListItem\",\"position\":3,\"name\":\"Join Us\"}]},{\"@type\":\"WebSite\",\"@id\":\"http:\/\/zywiec.co.uk\/pl\/#website\",\"url\":\"http:\/\/zywiec.co.uk\/pl\/\",\"name\":\"Zywiec\",\"description\":\"Polish Folk Song and Dance Group\",\"publisher\":{\"@id\":\"http:\/\/zywiec.co.uk\/pl\/#organization\"},\"potentialAction\":[{\"@type\":\"SearchAction\",\"target\":{\"@type\":\"EntryPoint\",\"urlTemplate\":\"http:\/\/zywiec.co.uk\/pl\/?s={search_term_string}\"},\"query-input\":\"required name=search_term_string\"}],\"inLanguage\":\"pl-PL\"},{\"@type\":\"Organization\",\"@id\":\"http:\/\/zywiec.co.uk\/pl\/#organization\",\"name\":\"Zesp\u00f3\u0142 Pie\u015bni i Ta\u0144ca \u017bywiec\",\"alternateName\":\"\u017bywiec\",\"url\":\"http:\/\/zywiec.co.uk\/pl\/\",\"logo\":{\"@type\":\"ImageObject\",\"inLanguage\":\"pl-PL\",\"@id\":\"http:\/\/zywiec.co.uk\/pl\/#\/schema\/logo\/image\/\",\"url\":\"http:\/\/zywiec.co.uk\/wp-content\/uploads\/2023\/09\/logo.png\",\"contentUrl\":\"http:\/\/zywiec.co.uk\/wp-content\/uploads\/2023\/09\/logo.png\",\"width\":141,\"height\":77,\"caption\":\"Zesp\u00f3\u0142 Pie\u015bni i Ta\u0144ca \u017bywiec\"},\"image\":{\"@id\":\"http:\/\/zywiec.co.uk\/pl\/#\/schema\/logo\/image\/\"},\"sameAs\":[\"https:\/\/www.facebook.com\/ZywiecDanceGroup\"]}]}<\/script>\n<!-- \/ Yoast SEO plugin. -->","yoast_head_json":{"title":"Join Us - \u017bywiec","robots":{"index":"index","follow":"follow","max-snippet":"max-snippet:-1","max-image-preview":"max-image-preview:large","max-video-preview":"max-video-preview:-1"},"canonical":"http:\/\/zywiec.co.uk\/pl\/en\/home-en\/join-us\/","og_locale":"pl_PL","og_type":"article","og_title":"Join Us - \u017bywiec","og_url":"http:\/\/zywiec.co.uk\/pl\/en\/home-en\/join-us\/","og_site_name":"\u017bywiec","article_publisher":"https:\/\/www.facebook.com\/ZywiecDanceGroup","article_modified_time":"2023-10-27T21:34:27+00:00","twitter_card":"summary_large_image","twitter_misc":{"Szacowany czas czytania":"1 minuta"},"schema":{"@context":"https:\/\/schema.org","@graph":[{"@type":"WebPage","@id":"http:\/\/zywiec.co.uk\/pl\/en\/home-en\/join-us\/","url":"http:\/\/zywiec.co.uk\/pl\/en\/home-en\/join-us\/","name":"Join Us - \u017bywiec","isPartOf":{"@id":"http:\/\/zywiec.co.uk\/pl\/#website"},"datePublished":"2023-09-11T01:15:40+00:00","dateModified":"2023-10-27T21:34:27+00:00","breadcrumb":{"@id":"http:\/\/zywiec.co.uk\/pl\/en\/home-en\/join-us\/#breadcrumb"},"inLanguage":"pl-PL","potentialAction":[{"@type":"ReadAction","target":["http:\/\/zywiec.co.uk\/pl\/en\/home-en\/join-us\/"]}]},{"@type":"BreadcrumbList","@id":"http:\/\/zywiec.co.uk\/pl\/en\/home-en\/join-us\/#breadcrumb","itemListElement":[{"@type":"ListItem","position":1,"name":"Home","item":"http:\/\/zywiec.co.uk\/en\/"},{"@type":"ListItem","position":2,"name":"\u017bywiec Polish Folk Song and Dance Group","item":"http:\/\/zywiec.co.uk\/en\/"},{"@type":"ListItem","position":3,"name":"Join Us"}]},{"@type":"WebSite","@id":"http:\/\/zywiec.co.uk\/pl\/#website","url":"http:\/\/zywiec.co.uk\/pl\/","name":"Zywiec","description":"Polish Folk Song and Dance Group","publisher":{"@id":"http:\/\/zywiec.co.uk\/pl\/#organization"},"potentialAction":[{"@type":"SearchAction","target":{"@type":"EntryPoint","urlTemplate":"http:\/\/zywiec.co.uk\/pl\/?s={search_term_string}"},"query-input":"required name=search_term_string"}],"inLanguage":"pl-PL"},{"@type":"Organization","@id":"http:\/\/zywiec.co.uk\/pl\/#organization","name":"Zesp\u00f3\u0142 Pie\u015bni i Ta\u0144ca \u017bywiec","alternateName":"\u017bywiec","url":"http:\/\/zywiec.co.uk\/pl\/","logo":{"@type":"ImageObject","inLanguage":"pl-PL","@id":"http:\/\/zywiec.co.uk\/pl\/#\/schema\/logo\/image\/","url":"http:\/\/zywiec.co.uk\/wp-content\/uploads\/2023\/09\/logo.png","contentUrl":"http:\/\/zywiec.co.uk\/wp-content\/uploads\/2023\/09\/logo.png","width":141,"height":77,"caption":"Zesp\u00f3\u0142 Pie\u015bni i Ta\u0144ca \u017bywiec"},"image":{"@id":"http:\/\/zywiec.co.uk\/pl\/#\/schema\/logo\/image\/"},"sameAs":["https:\/\/www.facebook.com\/ZywiecDanceGroup"]}]}},"_links":{"self":[{"href":"http:\/\/zywiec.co.uk\/pl\/wp-json\/wp\/v2\/pages\/27","targetHints":{"allow":["GET"]}}],"collection":[{"href":"http:\/\/zywiec.co.uk\/pl\/wp-json\/wp\/v2\/pages"}],"about":[{"href":"http:\/\/zywiec.co.uk\/pl\/wp-json\/wp\/v2\/types\/page"}],"author":[{"embeddable":true,"href":"http:\/\/zywiec.co.uk\/pl\/wp-json\/wp\/v2\/users\/1"}],"replies":[{"embeddable":true,"href":"http:\/\/zywiec.co.uk\/pl\/wp-json\/wp\/v2\/comments?post=27"}],"version-history":[{"count":2,"href":"http:\/\/zywiec.co.uk\/pl\/wp-json\/wp\/v2\/pages\/27\/revisions"}],"predecessor-version":[{"id":33,"href":"http:\/\/zywiec.co.uk\/pl\/wp-json\/wp\/v2\/pages\/27\/revisions\/33"}],"up":[{"embeddable":true,"href":"http:\/\/zywiec.co.uk\/pl\/wp-json\/wp\/v2\/pages\/12"}],"wp:attachment":[{"href":"http:\/\/zywiec.co.uk\/pl\/wp-json\/wp\/v2\/media?parent=27"}],"curies":[{"name":"wp","href":"https:\/\/api.w.org\/{rel}","templated":true}]}}