{"id":24,"date":"2023-09-11T01:16:38","date_gmt":"2023-09-11T01:16:38","guid":{"rendered":"http:\/\/rpqnwoz.cluster028.hosting.ovh.net\/?page_id=24"},"modified":"2023-10-27T22:00:21","modified_gmt":"2023-10-27T22:00:21","slug":"about-us","status":"publish","type":"page","link":"http:\/\/zywiec.co.uk\/pl\/en\/home-en\/about-us\/","title":{"rendered":"O Nas"},"content":{"rendered":"\n<p class=\"has-small-font-size\">\u017bywiec was founded in 1965 by K\u015b Kazio Grzyma\u0142a and Pani Irena R\u00f3\u017cycka as part of the Polish Millennium Youth Club in Ealing. In 1976 Andrzej Sagajllo took over as choreographer and led the group for over 30 years, followed by his daughter Klara Sagajllo in 2006, Dara Stringham in 2008 and is now under the artistic direction of Marta Tatol. We also have junior groups run by Maria Cieslak, Marta Sagajllo and Marta Tatol.<\/p>\n\n\n\n<h2 class=\"wp-block-heading has-large-font-size\">Rehearsals<\/h2>\n\n\n\n<p>Our weekly rehearsals are lively and fun. We start with a 15min warm-up followed by an hour-and-a-half of choreography. To finish, we spend about 30min improving our singing and learning new songs.<\/p>\n","protected":false},"excerpt":{"rendered":"<p>\u017bywiec was founded in 1965 by K\u015b Kazio Grzyma\u0142a and Pani Irena R\u00f3\u017cycka as part of the Polish Millennium Youth Club in Ealing. In 1976 Andrzej Sagajllo took over as choreographer and led the group for over 30 years, followed by his daughter Klara Sagajllo in 2006, Dara Stringham in 2008 and is now under&hellip; <a class=\"more-link\" href=\"http:\/\/zywiec.co.uk\/pl\/en\/home-en\/about-us\/\">Czytaj dalej <span class=\"screen-reader-text\">O Nas<\/span><\/a><\/p>\n","protected":false},"author":1,"featured_media":0,"parent":12,"menu_order":0,"comment_status":"closed","ping_status":"closed","template":"","meta":{"footnotes":""},"class_list":["post-24","page","type-page","status-publish","hentry","entry"],"translation":{"provider":"WPGlobus","version":"2.12.2","language":"pl","enabled_languages":["en","pl"],"languages":{"en":{"title":true,"content":true,"excerpt":false},"pl":{"title":true,"content":false,"excerpt":false}}},"yoast_head":"<!-- This site is optimized with the Yoast SEO plugin v21.1 - https:\/\/yoast.com\/wordpress\/plugins\/seo\/ -->\n<title>O Nas - \u017bywiec<\/title>\n<meta name=\"robots\" content=\"index, follow, max-snippet:-1, max-image-preview:large, max-video-preview:-1\" \/>\n<link rel=\"canonical\" href=\"http:\/\/zywiec.co.uk\/pl\/en\/home-en\/about-us\/\" \/>\n<meta property=\"og:locale\" content=\"pl_PL\" \/>\n<meta property=\"og:type\" content=\"article\" \/>\n<meta property=\"og:title\" content=\"O Nas - \u017bywiec\" \/>\n<meta property=\"og:url\" content=\"http:\/\/zywiec.co.uk\/pl\/en\/home-en\/about-us\/\" \/>\n<meta property=\"og:site_name\" content=\"\u017bywiec\" \/>\n<meta property=\"article:publisher\" content=\"https:\/\/www.facebook.com\/ZywiecDanceGroup\" \/>\n<meta property=\"article:modified_time\" content=\"2023-10-27T22:00:21+00:00\" \/>\n<meta name=\"twitter:card\" content=\"summary_large_image\" \/>\n<meta name=\"twitter:label1\" content=\"Szacowany czas czytania\" \/>\n\t<meta name=\"twitter:data1\" content=\"1 minuta\" \/>\n<script type=\"application\/ld+json\" class=\"yoast-schema-graph\">{\"@context\":\"https:\/\/schema.org\",\"@graph\":[{\"@type\":[\"WebPage\",\"AboutPage\"],\"@id\":\"http:\/\/zywiec.co.uk\/pl\/en\/home-en\/about-us\/\",\"url\":\"http:\/\/zywiec.co.uk\/pl\/en\/home-en\/about-us\/\",\"name\":\"O Nas - \u017bywiec\",\"isPartOf\":{\"@id\":\"http:\/\/zywiec.co.uk\/pl\/#website\"},\"datePublished\":\"2023-09-11T01:16:38+00:00\",\"dateModified\":\"2023-10-27T22:00:21+00:00\",\"breadcrumb\":{\"@id\":\"http:\/\/zywiec.co.uk\/pl\/en\/home-en\/about-us\/#breadcrumb\"},\"inLanguage\":\"pl-PL\",\"potentialAction\":[{\"@type\":\"ReadAction\",\"target\":[\"http:\/\/zywiec.co.uk\/pl\/en\/home-en\/about-us\/\"]}]},{\"@type\":\"BreadcrumbList\",\"@id\":\"http:\/\/zywiec.co.uk\/pl\/en\/home-en\/about-us\/#breadcrumb\",\"itemListElement\":[{\"@type\":\"ListItem\",\"position\":1,\"name\":\"Home\",\"item\":\"http:\/\/zywiec.co.uk\/en\/\"},{\"@type\":\"ListItem\",\"position\":2,\"name\":\"\u017bywiec Polish Folk Song and Dance Group\",\"item\":\"http:\/\/zywiec.co.uk\/en\/\"},{\"@type\":\"ListItem\",\"position\":3,\"name\":\"O Nas\"}]},{\"@type\":\"WebSite\",\"@id\":\"http:\/\/zywiec.co.uk\/pl\/#website\",\"url\":\"http:\/\/zywiec.co.uk\/pl\/\",\"name\":\"Zywiec\",\"description\":\"Polish Folk Song and Dance Group\",\"publisher\":{\"@id\":\"http:\/\/zywiec.co.uk\/pl\/#organization\"},\"potentialAction\":[{\"@type\":\"SearchAction\",\"target\":{\"@type\":\"EntryPoint\",\"urlTemplate\":\"http:\/\/zywiec.co.uk\/pl\/?s={search_term_string}\"},\"query-input\":\"required name=search_term_string\"}],\"inLanguage\":\"pl-PL\"},{\"@type\":\"Organization\",\"@id\":\"http:\/\/zywiec.co.uk\/pl\/#organization\",\"name\":\"Zesp\u00f3\u0142 Pie\u015bni i Ta\u0144ca \u017bywiec\",\"alternateName\":\"\u017bywiec\",\"url\":\"http:\/\/zywiec.co.uk\/pl\/\",\"logo\":{\"@type\":\"ImageObject\",\"inLanguage\":\"pl-PL\",\"@id\":\"http:\/\/zywiec.co.uk\/pl\/#\/schema\/logo\/image\/\",\"url\":\"http:\/\/zywiec.co.uk\/wp-content\/uploads\/2023\/09\/logo.png\",\"contentUrl\":\"http:\/\/zywiec.co.uk\/wp-content\/uploads\/2023\/09\/logo.png\",\"width\":141,\"height\":77,\"caption\":\"Zesp\u00f3\u0142 Pie\u015bni i Ta\u0144ca \u017bywiec\"},\"image\":{\"@id\":\"http:\/\/zywiec.co.uk\/pl\/#\/schema\/logo\/image\/\"},\"sameAs\":[\"https:\/\/www.facebook.com\/ZywiecDanceGroup\"]}]}<\/script>\n<!-- \/ Yoast SEO plugin. -->","yoast_head_json":{"title":"O Nas - \u017bywiec","robots":{"index":"index","follow":"follow","max-snippet":"max-snippet:-1","max-image-preview":"max-image-preview:large","max-video-preview":"max-video-preview:-1"},"canonical":"http:\/\/zywiec.co.uk\/pl\/en\/home-en\/about-us\/","og_locale":"pl_PL","og_type":"article","og_title":"O Nas - \u017bywiec","og_url":"http:\/\/zywiec.co.uk\/pl\/en\/home-en\/about-us\/","og_site_name":"\u017bywiec","article_publisher":"https:\/\/www.facebook.com\/ZywiecDanceGroup","article_modified_time":"2023-10-27T22:00:21+00:00","twitter_card":"summary_large_image","twitter_misc":{"Szacowany czas czytania":"1 minuta"},"schema":{"@context":"https:\/\/schema.org","@graph":[{"@type":["WebPage","AboutPage"],"@id":"http:\/\/zywiec.co.uk\/pl\/en\/home-en\/about-us\/","url":"http:\/\/zywiec.co.uk\/pl\/en\/home-en\/about-us\/","name":"O Nas - \u017bywiec","isPartOf":{"@id":"http:\/\/zywiec.co.uk\/pl\/#website"},"datePublished":"2023-09-11T01:16:38+00:00","dateModified":"2023-10-27T22:00:21+00:00","breadcrumb":{"@id":"http:\/\/zywiec.co.uk\/pl\/en\/home-en\/about-us\/#breadcrumb"},"inLanguage":"pl-PL","potentialAction":[{"@type":"ReadAction","target":["http:\/\/zywiec.co.uk\/pl\/en\/home-en\/about-us\/"]}]},{"@type":"BreadcrumbList","@id":"http:\/\/zywiec.co.uk\/pl\/en\/home-en\/about-us\/#breadcrumb","itemListElement":[{"@type":"ListItem","position":1,"name":"Home","item":"http:\/\/zywiec.co.uk\/en\/"},{"@type":"ListItem","position":2,"name":"\u017bywiec Polish Folk Song and Dance Group","item":"http:\/\/zywiec.co.uk\/en\/"},{"@type":"ListItem","position":3,"name":"O Nas"}]},{"@type":"WebSite","@id":"http:\/\/zywiec.co.uk\/pl\/#website","url":"http:\/\/zywiec.co.uk\/pl\/","name":"Zywiec","description":"Polish Folk Song and Dance Group","publisher":{"@id":"http:\/\/zywiec.co.uk\/pl\/#organization"},"potentialAction":[{"@type":"SearchAction","target":{"@type":"EntryPoint","urlTemplate":"http:\/\/zywiec.co.uk\/pl\/?s={search_term_string}"},"query-input":"required name=search_term_string"}],"inLanguage":"pl-PL"},{"@type":"Organization","@id":"http:\/\/zywiec.co.uk\/pl\/#organization","name":"Zesp\u00f3\u0142 Pie\u015bni i Ta\u0144ca \u017bywiec","alternateName":"\u017bywiec","url":"http:\/\/zywiec.co.uk\/pl\/","logo":{"@type":"ImageObject","inLanguage":"pl-PL","@id":"http:\/\/zywiec.co.uk\/pl\/#\/schema\/logo\/image\/","url":"http:\/\/zywiec.co.uk\/wp-content\/uploads\/2023\/09\/logo.png","contentUrl":"http:\/\/zywiec.co.uk\/wp-content\/uploads\/2023\/09\/logo.png","width":141,"height":77,"caption":"Zesp\u00f3\u0142 Pie\u015bni i Ta\u0144ca \u017bywiec"},"image":{"@id":"http:\/\/zywiec.co.uk\/pl\/#\/schema\/logo\/image\/"},"sameAs":["https:\/\/www.facebook.com\/ZywiecDanceGroup"]}]}},"_links":{"self":[{"href":"http:\/\/zywiec.co.uk\/pl\/wp-json\/wp\/v2\/pages\/24","targetHints":{"allow":["GET"]}}],"collection":[{"href":"http:\/\/zywiec.co.uk\/pl\/wp-json\/wp\/v2\/pages"}],"about":[{"href":"http:\/\/zywiec.co.uk\/pl\/wp-json\/wp\/v2\/types\/page"}],"author":[{"embeddable":true,"href":"http:\/\/zywiec.co.uk\/pl\/wp-json\/wp\/v2\/users\/1"}],"replies":[{"embeddable":true,"href":"http:\/\/zywiec.co.uk\/pl\/wp-json\/wp\/v2\/comments?post=24"}],"version-history":[{"count":2,"href":"http:\/\/zywiec.co.uk\/pl\/wp-json\/wp\/v2\/pages\/24\/revisions"}],"predecessor-version":[{"id":75,"href":"http:\/\/zywiec.co.uk\/pl\/wp-json\/wp\/v2\/pages\/24\/revisions\/75"}],"up":[{"embeddable":true,"href":"http:\/\/zywiec.co.uk\/pl\/wp-json\/wp\/v2\/pages\/12"}],"wp:attachment":[{"href":"http:\/\/zywiec.co.uk\/pl\/wp-json\/wp\/v2\/media?parent=24"}],"curies":[{"name":"wp","href":"https:\/\/api.w.org\/{rel}","templated":true}]}}